{"id":101,"date":"2020-06-16T08:34:51","date_gmt":"2020-06-16T08:34:51","guid":{"rendered":"http:\/\/proxximmo.local\/?page_id=101"},"modified":"2020-07-02T08:34:05","modified_gmt":"2020-07-02T08:34:05","slug":"contact","status":"publish","type":"page","link":"https:\/\/www.proxximmo.com\/fr\/contact\/","title":{"rendered":"Contact"},"content":{"rendered":"\n<p>Vous \u00eates \u00e0 la recherche ou voulez vendre un bien immobilier et d\u00e9sirez \u00eatre contact\u00e9s ?<\/p>\n\n\n\n<p>Prenez quelques secondes de votre temps et remplissez ce formulaire. Nous vous recontacterons dans les plus brefs d\u00e9lais afin de parler avec vous de votre r\u00eave immobilier.<\/p>\n\n\n\n<p><\/p>\n","protected":false},"excerpt":{"rendered":"<p>Vous \u00eates \u00e0 la recherche ou voulez vendre un bien immobilier et d\u00e9sirez \u00eatre contact\u00e9s ? Prenez quelques secondes de votre temps et remplissez ce formulaire. Nous vous recontacterons dans les plus brefs d\u00e9lais afin de parler avec vous de votre r\u00eave immobilier.<\/p>\n","protected":false},"author":2,"featured_media":0,"parent":0,"menu_order":0,"comment_status":"closed","ping_status":"closed","template":"page-contact.php","meta":{"_monsterinsights_skip_tracking":false,"_monsterinsights_sitenote_active":false,"_monsterinsights_sitenote_note":"","_monsterinsights_sitenote_category":0,"footnotes":""},"acf":[],"yoast_head":"<!-- This site is optimized with the Yoast SEO plugin v21.3 - https:\/\/yoast.com\/wordpress\/plugins\/seo\/ -->\n<title>Contact - Proxximmo<\/title>\n<link rel=\"canonical\" href=\"https:\/\/www.proxximmo.com\/fr\/contact\/\" \/>\n<meta property=\"og:locale\" content=\"fr_FR\" \/>\n<meta property=\"og:type\" content=\"article\" \/>\n<meta property=\"og:title\" content=\"Contact - Proxximmo\" \/>\n<meta property=\"og:description\" content=\"Vous \u00eates \u00e0 la recherche ou voulez vendre un bien immobilier et d\u00e9sirez \u00eatre contact\u00e9s ? Prenez quelques secondes de votre temps et remplissez ce formulaire. Nous vous recontacterons dans les plus brefs d\u00e9lais afin de parler avec vous de votre r\u00eave immobilier.\" \/>\n<meta property=\"og:url\" content=\"https:\/\/www.proxximmo.com\/fr\/contact\/\" \/>\n<meta property=\"og:site_name\" content=\"Proxximmo\" \/>\n<meta property=\"article:modified_time\" content=\"2020-07-02T08:34:05+00:00\" \/>\n<meta name=\"twitter:card\" content=\"summary_large_image\" \/>\n<script type=\"application\/ld+json\" class=\"yoast-schema-graph\">{\"@context\":\"https:\/\/schema.org\",\"@graph\":[{\"@type\":\"WebPage\",\"@id\":\"https:\/\/www.proxximmo.com\/fr\/contact\/\",\"url\":\"https:\/\/www.proxximmo.com\/fr\/contact\/\",\"name\":\"Contact - Proxximmo\",\"isPartOf\":{\"@id\":\"https:\/\/www.proxximmo.com\/#website\"},\"datePublished\":\"2020-06-16T08:34:51+00:00\",\"dateModified\":\"2020-07-02T08:34:05+00:00\",\"breadcrumb\":{\"@id\":\"https:\/\/www.proxximmo.com\/fr\/contact\/#breadcrumb\"},\"inLanguage\":\"fr-FR\",\"potentialAction\":[{\"@type\":\"ReadAction\",\"target\":[\"https:\/\/www.proxximmo.com\/fr\/contact\/\"]}]},{\"@type\":\"BreadcrumbList\",\"@id\":\"https:\/\/www.proxximmo.com\/fr\/contact\/#breadcrumb\",\"itemListElement\":[{\"@type\":\"ListItem\",\"position\":1,\"name\":\"Accueil\",\"item\":\"https:\/\/www.proxximmo.com\/fr\/\"},{\"@type\":\"ListItem\",\"position\":2,\"name\":\"Contact\"}]},{\"@type\":\"WebSite\",\"@id\":\"https:\/\/www.proxximmo.com\/#website\",\"url\":\"https:\/\/www.proxximmo.com\/\",\"name\":\"Proxximmo\",\"description\":\"\",\"potentialAction\":[{\"@type\":\"SearchAction\",\"target\":{\"@type\":\"EntryPoint\",\"urlTemplate\":\"https:\/\/www.proxximmo.com\/?s={search_term_string}\"},\"query-input\":\"required name=search_term_string\"}],\"inLanguage\":\"fr-FR\"}]}<\/script>\n<!-- \/ Yoast SEO plugin. -->","yoast_head_json":{"title":"Contact - Proxximmo","canonical":"https:\/\/www.proxximmo.com\/fr\/contact\/","og_locale":"fr_FR","og_type":"article","og_title":"Contact - Proxximmo","og_description":"Vous \u00eates \u00e0 la recherche ou voulez vendre un bien immobilier et d\u00e9sirez \u00eatre contact\u00e9s ? Prenez quelques secondes de votre temps et remplissez ce formulaire. Nous vous recontacterons dans les plus brefs d\u00e9lais afin de parler avec vous de votre r\u00eave immobilier.","og_url":"https:\/\/www.proxximmo.com\/fr\/contact\/","og_site_name":"Proxximmo","article_modified_time":"2020-07-02T08:34:05+00:00","twitter_card":"summary_large_image","schema":{"@context":"https:\/\/schema.org","@graph":[{"@type":"WebPage","@id":"https:\/\/www.proxximmo.com\/fr\/contact\/","url":"https:\/\/www.proxximmo.com\/fr\/contact\/","name":"Contact - Proxximmo","isPartOf":{"@id":"https:\/\/www.proxximmo.com\/#website"},"datePublished":"2020-06-16T08:34:51+00:00","dateModified":"2020-07-02T08:34:05+00:00","breadcrumb":{"@id":"https:\/\/www.proxximmo.com\/fr\/contact\/#breadcrumb"},"inLanguage":"fr-FR","potentialAction":[{"@type":"ReadAction","target":["https:\/\/www.proxximmo.com\/fr\/contact\/"]}]},{"@type":"BreadcrumbList","@id":"https:\/\/www.proxximmo.com\/fr\/contact\/#breadcrumb","itemListElement":[{"@type":"ListItem","position":1,"name":"Accueil","item":"https:\/\/www.proxximmo.com\/fr\/"},{"@type":"ListItem","position":2,"name":"Contact"}]},{"@type":"WebSite","@id":"https:\/\/www.proxximmo.com\/#website","url":"https:\/\/www.proxximmo.com\/","name":"Proxximmo","description":"","potentialAction":[{"@type":"SearchAction","target":{"@type":"EntryPoint","urlTemplate":"https:\/\/www.proxximmo.com\/?s={search_term_string}"},"query-input":"required name=search_term_string"}],"inLanguage":"fr-FR"}]}},"_links":{"self":[{"href":"https:\/\/www.proxximmo.com\/fr\/wp-json\/wp\/v2\/pages\/101"}],"collection":[{"href":"https:\/\/www.proxximmo.com\/fr\/wp-json\/wp\/v2\/pages"}],"about":[{"href":"https:\/\/www.proxximmo.com\/fr\/wp-json\/wp\/v2\/types\/page"}],"author":[{"embeddable":true,"href":"https:\/\/www.proxximmo.com\/fr\/wp-json\/wp\/v2\/users\/2"}],"replies":[{"embeddable":true,"href":"https:\/\/www.proxximmo.com\/fr\/wp-json\/wp\/v2\/comments?post=101"}],"version-history":[{"count":0,"href":"https:\/\/www.proxximmo.com\/fr\/wp-json\/wp\/v2\/pages\/101\/revisions"}],"wp:attachment":[{"href":"https:\/\/www.proxximmo.com\/fr\/wp-json\/wp\/v2\/media?parent=101"}],"curies":[{"name":"wp","href":"https:\/\/api.w.org\/{rel}","templated":true}]}}