{"id":1765,"date":"2022-07-14T10:08:00","date_gmt":"2022-07-14T10:08:00","guid":{"rendered":"https:\/\/www.proxximmo.com\/property-portfolio\/"},"modified":"2022-08-31T06:30:21","modified_gmt":"2022-08-31T06:30:21","slug":"property-portfolio","status":"publish","type":"page","link":"https:\/\/www.proxximmo.com\/fr\/property-portfolio\/","title":{"rendered":"Property Portfolio"},"content":{"rendered":"\n<div class=\"wp-block-columns is-layout-flex wp-container-3 wp-block-columns-is-layout-flex\">\n<div class=\"wp-block-column is-vertically-aligned-center is-layout-flow wp-block-column-is-layout-flow\">\n<h2 class=\"has-text-color wp-block-heading\" style=\"color:#ff6600\">R\u00e9gions pr\u00e9f\u00e9r\u00e9es<\/h2>\n\n\n\n<ul><li>Bade-Wurtemberg<\/li><li>Bavi\u00e8re<\/li><li>Berlin \/ Brandebourg<\/li><li>Hambourg<\/li><\/ul>\n\n\n\n<p><\/p>\n<\/div>\n\n\n\n<div class=\"wp-block-column is-layout-flow wp-block-column-is-layout-flow\"><div class=\"wp-block-image\">\n<figure class=\"alignright size-full is-resized\"><img decoding=\"async\" src=\"https:\/\/www.proxximmo.com\/wp-content\/uploads\/2022\/07\/de-map.png\" alt=\"\" class=\"wp-image-1740\" width=\"410\" height=\"410\" srcset=\"https:\/\/www.proxximmo.com\/wp-content\/uploads\/2022\/07\/de-map.png 820w, https:\/\/www.proxximmo.com\/wp-content\/uploads\/2022\/07\/de-map-300x300.png 300w, https:\/\/www.proxximmo.com\/wp-content\/uploads\/2022\/07\/de-map-150x150.png 150w, https:\/\/www.proxximmo.com\/wp-content\/uploads\/2022\/07\/de-map-768x768.png 768w\" sizes=\"(max-width: 410px) 100vw, 410px\" \/><\/figure><\/div><\/div>\n<\/div>\n\n\n\n<div style=\"height:100px\" aria-hidden=\"true\" class=\"wp-block-spacer\"><\/div>\n\n\n\n<div class=\"wp-block-columns has-background is-layout-flex wp-container-6 wp-block-columns-is-layout-flex\" style=\"background-color:#f5f5f5\">\n<div class=\"wp-block-column is-layout-flow wp-block-column-is-layout-flow\"><div class=\"wp-block-image\">\n<figure class=\"alignleft size-full\"><img decoding=\"async\" width=\"1024\" height=\"683\" src=\"https:\/\/www.proxximmo.com\/wp-content\/uploads\/2022\/08\/download2-1024x683-1.jpg\" alt=\"\" class=\"wp-image-1882\" srcset=\"https:\/\/www.proxximmo.com\/wp-content\/uploads\/2022\/08\/download2-1024x683-1.jpg 1024w, https:\/\/www.proxximmo.com\/wp-content\/uploads\/2022\/08\/download2-1024x683-1-300x200.jpg 300w, https:\/\/www.proxximmo.com\/wp-content\/uploads\/2022\/08\/download2-1024x683-1-768x512.jpg 768w\" sizes=\"(max-width: 1024px) 100vw, 1024px\" \/><\/figure><\/div><\/div>\n\n\n\n<div class=\"wp-block-column is-layout-flow wp-block-column-is-layout-flow\">\n<h2 class=\"has-text-color wp-block-heading\" style=\"color:#ff6600\">Crit\u00e8res des objets<\/h2>\n\n\n\n<ul class=\"has-small-font-size\"><li>A partier de 5 millions \u20ac.<\/li><li>Emplacements A et B<\/li><li>Conformit\u00e9 ESG<\/li><li>D\u00e8s la phase d&rsquo;\u00e9tude du projet<\/li><li>Cat\u00e9gories d&rsquo;actifs :<ul><li>Terrains \u00e0 b\u00e2tir<\/li><li>Nouvelles constructions  <\/li><li>B\u00e2timents existants <\/li><li>B\u00e2timents class\u00e9s<\/li><li>Maison de repos<\/li><li>Microapartments<br><\/li><\/ul><\/li><\/ul>\n\n\n\n<p><\/p>\n\n\n\n<p><\/p>\n<\/div>\n<\/div>\n\n\n\n<div style=\"height:100px\" aria-hidden=\"true\" class=\"wp-block-spacer\"><\/div>\n\n\n\n<div class=\"wp-block-columns is-layout-flex wp-container-8 wp-block-columns-is-layout-flex\">\n<div class=\"wp-block-column is-layout-flow wp-block-column-is-layout-flow\">\n<p class=\"has-text-align-center\">Vous avez des questions sur nous, notre travail ou vous souhaitez prendre contact ?<br>Nous nous r\u00e9jouissons de votre demande !<\/p>\n\n\n<div class=\"wp-bootstrap-blocks-button text-center\">\n\t<a\n\t\thref=\"https:\/\/www.proxximmo.com\/fr\/contact\/\"\n\t\t\t\t\t\tclass=\"btn btn-primary\"\n\t>\n\t\tContact\t<\/a>\n<\/div>\n<\/div>\n<\/div>\n\n\n\n<p><\/p>\n","protected":false},"excerpt":{"rendered":"<p>R\u00e9gions pr\u00e9f\u00e9r\u00e9es Bade-Wurtemberg Bavi\u00e8re Berlin \/ Brandebourg Hambourg Crit\u00e8res des objets A partier de 5 millions \u20ac. Emplacements A et B Conformit\u00e9 ESG D\u00e8s la phase d&rsquo;\u00e9tude du projet Cat\u00e9gories d&rsquo;actifs : Terrains \u00e0 b\u00e2tir Nouvelles constructions B\u00e2timents existants B\u00e2timents class\u00e9s Maison de repos Microapartments Vous avez des questions sur nous, notre travail ou vous [&hellip;]<\/p>\n","protected":false},"author":1,"featured_media":0,"parent":0,"menu_order":0,"comment_status":"closed","ping_status":"closed","template":"","meta":{"_monsterinsights_skip_tracking":false,"_monsterinsights_sitenote_active":false,"_monsterinsights_sitenote_note":"","_monsterinsights_sitenote_category":0,"footnotes":""},"acf":[],"yoast_head":"<!-- This site is optimized with the Yoast SEO plugin v21.3 - https:\/\/yoast.com\/wordpress\/plugins\/seo\/ -->\n<title>Property Portfolio - Proxximmo<\/title>\n<link rel=\"canonical\" href=\"https:\/\/www.proxximmo.com\/fr\/property-portfolio\/\" \/>\n<meta property=\"og:locale\" content=\"fr_FR\" \/>\n<meta property=\"og:type\" content=\"article\" \/>\n<meta property=\"og:title\" content=\"Property Portfolio - Proxximmo\" \/>\n<meta property=\"og:description\" content=\"R\u00e9gions pr\u00e9f\u00e9r\u00e9es Bade-Wurtemberg Bavi\u00e8re Berlin \/ Brandebourg Hambourg Crit\u00e8res des objets A partier de 5 millions \u20ac. Emplacements A et B Conformit\u00e9 ESG D\u00e8s la phase d&rsquo;\u00e9tude du projet Cat\u00e9gories d&rsquo;actifs : Terrains \u00e0 b\u00e2tir Nouvelles constructions B\u00e2timents existants B\u00e2timents class\u00e9s Maison de repos Microapartments Vous avez des questions sur nous, notre travail ou vous [&hellip;]\" \/>\n<meta property=\"og:url\" content=\"https:\/\/www.proxximmo.com\/fr\/property-portfolio\/\" \/>\n<meta property=\"og:site_name\" content=\"Proxximmo\" \/>\n<meta property=\"article:modified_time\" content=\"2022-08-31T06:30:21+00:00\" \/>\n<meta property=\"og:image\" content=\"https:\/\/www.proxximmo.com\/wp-content\/uploads\/2022\/07\/de-map.png\" \/>\n<meta name=\"twitter:card\" content=\"summary_large_image\" \/>\n<meta name=\"twitter:label1\" content=\"Dur\u00e9e de lecture estim\u00e9e\" \/>\n\t<meta name=\"twitter:data1\" content=\"1 minute\" \/>\n<script type=\"application\/ld+json\" class=\"yoast-schema-graph\">{\"@context\":\"https:\/\/schema.org\",\"@graph\":[{\"@type\":\"WebPage\",\"@id\":\"https:\/\/www.proxximmo.com\/fr\/property-portfolio\/\",\"url\":\"https:\/\/www.proxximmo.com\/fr\/property-portfolio\/\",\"name\":\"Property Portfolio - Proxximmo\",\"isPartOf\":{\"@id\":\"https:\/\/www.proxximmo.com\/#website\"},\"datePublished\":\"2022-07-14T10:08:00+00:00\",\"dateModified\":\"2022-08-31T06:30:21+00:00\",\"breadcrumb\":{\"@id\":\"https:\/\/www.proxximmo.com\/fr\/property-portfolio\/#breadcrumb\"},\"inLanguage\":\"fr-FR\",\"potentialAction\":[{\"@type\":\"ReadAction\",\"target\":[\"https:\/\/www.proxximmo.com\/fr\/property-portfolio\/\"]}]},{\"@type\":\"BreadcrumbList\",\"@id\":\"https:\/\/www.proxximmo.com\/fr\/property-portfolio\/#breadcrumb\",\"itemListElement\":[{\"@type\":\"ListItem\",\"position\":1,\"name\":\"Accueil\",\"item\":\"https:\/\/www.proxximmo.com\/fr\/\"},{\"@type\":\"ListItem\",\"position\":2,\"name\":\"Property Portfolio\"}]},{\"@type\":\"WebSite\",\"@id\":\"https:\/\/www.proxximmo.com\/#website\",\"url\":\"https:\/\/www.proxximmo.com\/\",\"name\":\"Proxximmo\",\"description\":\"\",\"potentialAction\":[{\"@type\":\"SearchAction\",\"target\":{\"@type\":\"EntryPoint\",\"urlTemplate\":\"https:\/\/www.proxximmo.com\/?s={search_term_string}\"},\"query-input\":\"required name=search_term_string\"}],\"inLanguage\":\"fr-FR\"}]}<\/script>\n<!-- \/ Yoast SEO plugin. -->","yoast_head_json":{"title":"Property Portfolio - Proxximmo","canonical":"https:\/\/www.proxximmo.com\/fr\/property-portfolio\/","og_locale":"fr_FR","og_type":"article","og_title":"Property Portfolio - Proxximmo","og_description":"R\u00e9gions pr\u00e9f\u00e9r\u00e9es Bade-Wurtemberg Bavi\u00e8re Berlin \/ Brandebourg Hambourg Crit\u00e8res des objets A partier de 5 millions \u20ac. Emplacements A et B Conformit\u00e9 ESG D\u00e8s la phase d&rsquo;\u00e9tude du projet Cat\u00e9gories d&rsquo;actifs : Terrains \u00e0 b\u00e2tir Nouvelles constructions B\u00e2timents existants B\u00e2timents class\u00e9s Maison de repos Microapartments Vous avez des questions sur nous, notre travail ou vous [&hellip;]","og_url":"https:\/\/www.proxximmo.com\/fr\/property-portfolio\/","og_site_name":"Proxximmo","article_modified_time":"2022-08-31T06:30:21+00:00","og_image":[{"url":"https:\/\/www.proxximmo.com\/wp-content\/uploads\/2022\/07\/de-map.png"}],"twitter_card":"summary_large_image","twitter_misc":{"Dur\u00e9e de lecture estim\u00e9e":"1 minute"},"schema":{"@context":"https:\/\/schema.org","@graph":[{"@type":"WebPage","@id":"https:\/\/www.proxximmo.com\/fr\/property-portfolio\/","url":"https:\/\/www.proxximmo.com\/fr\/property-portfolio\/","name":"Property Portfolio - Proxximmo","isPartOf":{"@id":"https:\/\/www.proxximmo.com\/#website"},"datePublished":"2022-07-14T10:08:00+00:00","dateModified":"2022-08-31T06:30:21+00:00","breadcrumb":{"@id":"https:\/\/www.proxximmo.com\/fr\/property-portfolio\/#breadcrumb"},"inLanguage":"fr-FR","potentialAction":[{"@type":"ReadAction","target":["https:\/\/www.proxximmo.com\/fr\/property-portfolio\/"]}]},{"@type":"BreadcrumbList","@id":"https:\/\/www.proxximmo.com\/fr\/property-portfolio\/#breadcrumb","itemListElement":[{"@type":"ListItem","position":1,"name":"Accueil","item":"https:\/\/www.proxximmo.com\/fr\/"},{"@type":"ListItem","position":2,"name":"Property Portfolio"}]},{"@type":"WebSite","@id":"https:\/\/www.proxximmo.com\/#website","url":"https:\/\/www.proxximmo.com\/","name":"Proxximmo","description":"","potentialAction":[{"@type":"SearchAction","target":{"@type":"EntryPoint","urlTemplate":"https:\/\/www.proxximmo.com\/?s={search_term_string}"},"query-input":"required name=search_term_string"}],"inLanguage":"fr-FR"}]}},"_links":{"self":[{"href":"https:\/\/www.proxximmo.com\/fr\/wp-json\/wp\/v2\/pages\/1765"}],"collection":[{"href":"https:\/\/www.proxximmo.com\/fr\/wp-json\/wp\/v2\/pages"}],"about":[{"href":"https:\/\/www.proxximmo.com\/fr\/wp-json\/wp\/v2\/types\/page"}],"author":[{"embeddable":true,"href":"https:\/\/www.proxximmo.com\/fr\/wp-json\/wp\/v2\/users\/1"}],"replies":[{"embeddable":true,"href":"https:\/\/www.proxximmo.com\/fr\/wp-json\/wp\/v2\/comments?post=1765"}],"version-history":[{"count":16,"href":"https:\/\/www.proxximmo.com\/fr\/wp-json\/wp\/v2\/pages\/1765\/revisions"}],"predecessor-version":[{"id":1962,"href":"https:\/\/www.proxximmo.com\/fr\/wp-json\/wp\/v2\/pages\/1765\/revisions\/1962"}],"wp:attachment":[{"href":"https:\/\/www.proxximmo.com\/fr\/wp-json\/wp\/v2\/media?parent=1765"}],"curies":[{"name":"wp","href":"https:\/\/api.w.org\/{rel}","templated":true}]}}