{"id":545,"date":"2020-07-09T09:32:48","date_gmt":"2020-07-09T09:32:48","guid":{"rendered":"http:\/\/www.proxximmo.local\/?page_id=545"},"modified":"2022-08-05T14:27:12","modified_gmt":"2022-08-05T14:27:12","slug":"vie-privee","status":"publish","type":"page","link":"https:\/\/www.proxximmo.com\/fr\/vie-privee\/","title":{"rendered":"Vie priv\u00e9e"},"content":{"rendered":"\n<h2 class=\"wp-block-heading\"><strong>MENTIONS L\u00c9GALES ET CONDITIONS D\u2019UTILISATION<\/strong><\/h2>\n\n\n\n<h3 class=\"wp-block-heading\"><strong>CONDITIONS D\u2019ACC\u00c8S AU SITE<\/strong><\/h3>\n\n\n\n<p>Toute personne (ci-apr\u00e8s \u00ab&nbsp;l\u2019utilisateur&nbsp;\u00bb) acc\u00e9dant au pr\u00e9sent site (ci-apr\u00e8s \u00ab&nbsp;le site&nbsp;\u00bb) est pr\u00e9sum\u00e9e avoir accept\u00e9 de fa\u00e7on inconditionnelle l\u2019ensemble des dispositions et des conditions d\u2019utilisation du site.<br>Le site est accessible \u00e0 tout moment partout dans le monde. L\u2019utilisateur qui s\u2019y connecte porte seul la responsabilit\u00e9 de se conformer au respect des l\u00e9gislations et\/ou r\u00e9glementations en vigueur dans le pays o\u00f9 il r\u00e9side ou de celui d\u2019o\u00f9 il se connecte au site.<\/p>\n\n\n\n<h3 class=\"wp-block-heading\"><strong>MODIFICATION DES PR\u00c9SENTES CONDITIONS D\u2019UTILISATION, COMP\u00c9TENCE ET DROIT APPLICABLE<\/strong><\/h3>\n\n\n\n<p>Les pr\u00e9sentes conditions d\u2019utilisation peuvent \u00eatre modifi\u00e9es par l\u2019\u00e9diteur \u00e0 tout moment. Les conditions d\u2019utilisation applicables \u00e0 toute utilisation du site sont celles disponibles et publi\u00e9es sur le site au moment de sa consultation par l\u2019utilisateur. La nullit\u00e9 ou non-validit\u00e9 d\u2019une disposition des pr\u00e9sentes conditions d\u2019utilisation ne porte pas pr\u00e9judice \u00e0 la validit\u00e9 des autres dispositions des pr\u00e9sentes conditions.<\/p>\n\n\n\n<h3 class=\"wp-block-heading\"><strong>NON-RESPONSABILIT\u00c9<\/strong><\/h3>\n\n\n\n<p>M\u00eame si toutes les informations du site ont fait l\u2019objet d\u2019une v\u00e9rification minutieuse, elles sont diffus\u00e9es \u00e0 titre purement indicatif. En aucun cas, l\u2019\u00e9diteur ne peut \u00eatre tenu responsable de l\u2019exactitude des informations indiqu\u00e9es ni donner la garantie que les donn\u00e9es soient compl\u00e8tes, pr\u00e9cises ou actuelles. Tous les renseignements sont donn\u00e9s sous r\u00e9serve de modification, d\u2019erreur ou d\u2019omission.<br>L\u2019\u00e9diteur se d\u00e9gage \u00e9galement de toute responsabilit\u00e9 en ce qui concerne les contenus provenant de tiers vers lesquels le site fait des hyperliens.<br>Enfin, l\u2019\u00e9diteur d\u00e9cline toute responsabilit\u00e9 et exclut toute garantie en cas d\u2019interruption ou mauvais fonctionnement du site. L\u2019\u00e9diteur ne pourra pas non plus \u00eatre tenu responsable pour des dommages directs ou indirects que l\u2019utilisateur pourrait encourir \u00e0 la suite d\u2019un acc\u00e8s au site ou de son utilisation.<\/p>\n\n\n\n<h2 class=\"wp-block-heading\"><strong>RESPECT DE LA VIE PRIV\u00c9E ET PROTECTION DE DONN\u00c9ES<\/strong><\/h2>\n\n\n\n<h3 class=\"wp-block-heading\"><strong>TRAITEMENT DES DONN\u00c9ES PERSONNELLES<\/strong><\/h3>\n\n\n\n<p>Des donn\u00e9es \u00e0 caract\u00e8re personnel ne pourront \u00eatre recueillies et trait\u00e9es que conform\u00e9ment aux r\u00e8gles relatives aux lois sur la protection des donn\u00e9es.<br>Dans certains cas, notamment lorsque l\u2019utilisateur remplit un formulaire sur le site et le renvoie, il est possible que certaines donn\u00e9es personnelles soient enregistr\u00e9es sur le serveur. Ces informations sont consid\u00e9r\u00e9es comme confidentielles et trait\u00e9es en tant que telles, elles ne seront donc jamais vendues ou transmises \u00e0 des tiers sans son approbation pr\u00e9alable.<br>Si le site dispose d\u2019une newsletter, l\u2019utilisateur peut s\u2019y inscrire pour recevoir r\u00e9guli\u00e8rement des informations par e-mail. Dans ce cas, l\u2019\u00e9diteur a besoin d\u2019une adresse e-mail valide que l\u2019utilisateur qui s\u2019inscrit \u00e0 la newsletter accepte de communiquer via le formulaire ad hoc. L\u2019utilisateur confirme \u00eatre le propri\u00e9taire de ladite adresse e-mail ainsi communiqu\u00e9e et marque son accord pour recevoir les diff\u00e9rents e-mails envoy\u00e9s par le site et\/ou l\u2019\u00e9diteur. L\u2019utilisateur a le droit de se d\u00e9sinscrire \u00e0 tout moment.<br>L\u2019utilisateur a le droit de consulter ses donn\u00e9es personnelles afin de v\u00e9rifier leur exactitude et de faire corriger toutes \u00e9ventuelles erreurs en adressant une demande par courrier recommand\u00e9 \u00e0 l\u2019\u00e9diteur du site dont les coordonn\u00e9es figurent ci-dessus.<\/p>\n\n\n\n<h3 class=\"wp-block-heading\"><strong>UTILISATION DES COOKIES<\/strong><\/h3>\n\n\n\n<p>Ce site Internet utilise des cookies.<br>Comme la majorit\u00e9 des sites, celui-ci utilise des cookies. Les cookies sont des petits fichiers textes inoffensifs qui n\u2019affectent en aucun cas votre vie priv\u00e9e ni la s\u00e9curit\u00e9 de votre ordinateur.<br>Les cookies augmentent le confort de l\u2019utilisateur sur le site et permettent \u00e0 l\u2019\u00e9diteur d\u2019obtenir des statistiques anonymes sur la fr\u00e9quentation du site.<br>Pour savoir comment interdire ou supprimer les cookies sur votre ordinateur, reportez-vous \u00e0 la documentation de votre navigateur.<br>L\u2019\u00e9diteur informe l\u2019utilisateur que le site fait usage de cookies pour augmenter le confort d\u2019utilisation du site, en augmenter la performance et d\u2019\u00e9tablir les statistiques de fr\u00e9quentation.<br>Comme le site ne peut fonctionner sans utiliser ces cookies, nous invitons tout utilisateur en d\u00e9saccord avec leur utilisation d\u2019abandonner imm\u00e9diatement leur session de navigation sur le site.<\/p>\n\n\n\n<h3 class=\"wp-block-heading\"><strong>UTILISATION DE GOOGLE ANALYTICS<\/strong><\/h3>\n\n\n\n<p>Ce site utilise Google Analytics, un service d\u2019analyse de site internet fourni par Google Inc. (\u00ab Google \u00bb). Google Analytics utilise des cookies, qui sont des fichiers texte plac\u00e9s sur votre ordinateur, pour aider le site internet \u00e0 analyser l\u2019utilisation du site par ses utilisateurs. Les donn\u00e9es g\u00e9n\u00e9r\u00e9es par les cookies concernant votre utilisation du site (y compris votre adresse IP) seront transmises et stock\u00e9es par Google sur des serveurs situ\u00e9s aux Etats-Unis. Google utilisera cette information dans le but d\u2019\u00e9valuer votre utilisation du site, de compiler des rapports sur l\u2019activit\u00e9 du site \u00e0 destination de son \u00e9diteur et de fournir d\u2019autres services relatifs \u00e0 l\u2019activit\u00e9 du site et \u00e0 l\u2019utilisation d\u2019Internet.<br>Google est susceptible de communiquer ces donn\u00e9es \u00e0 des tiers en cas d\u2019obligation l\u00e9gale ou lorsque ces tiers traitent ces donn\u00e9es pour le compte de Google, y compris notamment l\u2019\u00e9diteur de ce site. Google ne recoupera pas votre adresse IP avec toute autre donn\u00e9e d\u00e9tenue par Google. Vous pouvez d\u00e9sactiver l\u2019utilisation de cookies en s\u00e9lectionnant les param\u00e8tres appropri\u00e9s de votre navigateur. Cependant, une telle d\u00e9sactivation pourrait emp\u00eacher l\u2019utilisation de certaines fonctionnalit\u00e9s de ce site. En utilisant ce site internet, vous consentez express\u00e9ment au traitement de vos donn\u00e9es nominatives par Google dans les conditions et pour les finalit\u00e9s d\u00e9crites ci-dessus.<\/p>\n\n\n\n<p>Version : 03.06.2020<\/p>\n\n\n\n<p><\/p>\n","protected":false},"excerpt":{"rendered":"<p>MENTIONS L\u00c9GALES ET CONDITIONS D\u2019UTILISATION CONDITIONS D\u2019ACC\u00c8S AU SITE Toute personne (ci-apr\u00e8s \u00ab&nbsp;l\u2019utilisateur&nbsp;\u00bb) acc\u00e9dant au pr\u00e9sent site (ci-apr\u00e8s \u00ab&nbsp;le site&nbsp;\u00bb) est pr\u00e9sum\u00e9e avoir accept\u00e9 de fa\u00e7on inconditionnelle l\u2019ensemble des dispositions et des conditions d\u2019utilisation du site.Le site est accessible \u00e0 tout moment partout dans le monde. L\u2019utilisateur qui s\u2019y connecte porte seul la responsabilit\u00e9 de [&hellip;]<\/p>\n","protected":false},"author":1,"featured_media":0,"parent":0,"menu_order":0,"comment_status":"closed","ping_status":"closed","template":"","meta":{"_monsterinsights_skip_tracking":false,"_monsterinsights_sitenote_active":false,"_monsterinsights_sitenote_note":"","_monsterinsights_sitenote_category":0,"footnotes":""},"acf":[],"yoast_head":"<!-- This site is optimized with the Yoast SEO plugin v21.3 - https:\/\/yoast.com\/wordpress\/plugins\/seo\/ -->\n<title>Vie priv\u00e9e - Proxximmo<\/title>\n<link rel=\"canonical\" href=\"https:\/\/www.proxximmo.com\/fr\/vie-privee\/\" \/>\n<meta property=\"og:locale\" content=\"fr_FR\" \/>\n<meta property=\"og:type\" content=\"article\" \/>\n<meta property=\"og:title\" content=\"Vie priv\u00e9e - Proxximmo\" \/>\n<meta property=\"og:description\" content=\"MENTIONS L\u00c9GALES ET CONDITIONS D\u2019UTILISATION CONDITIONS D\u2019ACC\u00c8S AU SITE Toute personne (ci-apr\u00e8s \u00ab&nbsp;l\u2019utilisateur&nbsp;\u00bb) acc\u00e9dant au pr\u00e9sent site (ci-apr\u00e8s \u00ab&nbsp;le site&nbsp;\u00bb) est pr\u00e9sum\u00e9e avoir accept\u00e9 de fa\u00e7on inconditionnelle l\u2019ensemble des dispositions et des conditions d\u2019utilisation du site.Le site est accessible \u00e0 tout moment partout dans le monde. L\u2019utilisateur qui s\u2019y connecte porte seul la responsabilit\u00e9 de [&hellip;]\" \/>\n<meta property=\"og:url\" content=\"https:\/\/www.proxximmo.com\/fr\/vie-privee\/\" \/>\n<meta property=\"og:site_name\" content=\"Proxximmo\" \/>\n<meta property=\"article:modified_time\" content=\"2022-08-05T14:27:12+00:00\" \/>\n<meta name=\"twitter:card\" content=\"summary_large_image\" \/>\n<meta name=\"twitter:label1\" content=\"Dur\u00e9e de lecture estim\u00e9e\" \/>\n\t<meta name=\"twitter:data1\" content=\"5 minutes\" \/>\n<script type=\"application\/ld+json\" class=\"yoast-schema-graph\">{\"@context\":\"https:\/\/schema.org\",\"@graph\":[{\"@type\":\"WebPage\",\"@id\":\"https:\/\/www.proxximmo.com\/fr\/vie-privee\/\",\"url\":\"https:\/\/www.proxximmo.com\/fr\/vie-privee\/\",\"name\":\"Vie priv\u00e9e - Proxximmo\",\"isPartOf\":{\"@id\":\"https:\/\/www.proxximmo.com\/#website\"},\"datePublished\":\"2020-07-09T09:32:48+00:00\",\"dateModified\":\"2022-08-05T14:27:12+00:00\",\"breadcrumb\":{\"@id\":\"https:\/\/www.proxximmo.com\/fr\/vie-privee\/#breadcrumb\"},\"inLanguage\":\"fr-FR\",\"potentialAction\":[{\"@type\":\"ReadAction\",\"target\":[\"https:\/\/www.proxximmo.com\/fr\/vie-privee\/\"]}]},{\"@type\":\"BreadcrumbList\",\"@id\":\"https:\/\/www.proxximmo.com\/fr\/vie-privee\/#breadcrumb\",\"itemListElement\":[{\"@type\":\"ListItem\",\"position\":1,\"name\":\"Accueil\",\"item\":\"https:\/\/www.proxximmo.com\/fr\/\"},{\"@type\":\"ListItem\",\"position\":2,\"name\":\"Vie priv\u00e9e\"}]},{\"@type\":\"WebSite\",\"@id\":\"https:\/\/www.proxximmo.com\/#website\",\"url\":\"https:\/\/www.proxximmo.com\/\",\"name\":\"Proxximmo\",\"description\":\"\",\"potentialAction\":[{\"@type\":\"SearchAction\",\"target\":{\"@type\":\"EntryPoint\",\"urlTemplate\":\"https:\/\/www.proxximmo.com\/?s={search_term_string}\"},\"query-input\":\"required name=search_term_string\"}],\"inLanguage\":\"fr-FR\"}]}<\/script>\n<!-- \/ Yoast SEO plugin. -->","yoast_head_json":{"title":"Vie priv\u00e9e - Proxximmo","canonical":"https:\/\/www.proxximmo.com\/fr\/vie-privee\/","og_locale":"fr_FR","og_type":"article","og_title":"Vie priv\u00e9e - Proxximmo","og_description":"MENTIONS L\u00c9GALES ET CONDITIONS D\u2019UTILISATION CONDITIONS D\u2019ACC\u00c8S AU SITE Toute personne (ci-apr\u00e8s \u00ab&nbsp;l\u2019utilisateur&nbsp;\u00bb) acc\u00e9dant au pr\u00e9sent site (ci-apr\u00e8s \u00ab&nbsp;le site&nbsp;\u00bb) est pr\u00e9sum\u00e9e avoir accept\u00e9 de fa\u00e7on inconditionnelle l\u2019ensemble des dispositions et des conditions d\u2019utilisation du site.Le site est accessible \u00e0 tout moment partout dans le monde. L\u2019utilisateur qui s\u2019y connecte porte seul la responsabilit\u00e9 de [&hellip;]","og_url":"https:\/\/www.proxximmo.com\/fr\/vie-privee\/","og_site_name":"Proxximmo","article_modified_time":"2022-08-05T14:27:12+00:00","twitter_card":"summary_large_image","twitter_misc":{"Dur\u00e9e de lecture estim\u00e9e":"5 minutes"},"schema":{"@context":"https:\/\/schema.org","@graph":[{"@type":"WebPage","@id":"https:\/\/www.proxximmo.com\/fr\/vie-privee\/","url":"https:\/\/www.proxximmo.com\/fr\/vie-privee\/","name":"Vie priv\u00e9e - Proxximmo","isPartOf":{"@id":"https:\/\/www.proxximmo.com\/#website"},"datePublished":"2020-07-09T09:32:48+00:00","dateModified":"2022-08-05T14:27:12+00:00","breadcrumb":{"@id":"https:\/\/www.proxximmo.com\/fr\/vie-privee\/#breadcrumb"},"inLanguage":"fr-FR","potentialAction":[{"@type":"ReadAction","target":["https:\/\/www.proxximmo.com\/fr\/vie-privee\/"]}]},{"@type":"BreadcrumbList","@id":"https:\/\/www.proxximmo.com\/fr\/vie-privee\/#breadcrumb","itemListElement":[{"@type":"ListItem","position":1,"name":"Accueil","item":"https:\/\/www.proxximmo.com\/fr\/"},{"@type":"ListItem","position":2,"name":"Vie priv\u00e9e"}]},{"@type":"WebSite","@id":"https:\/\/www.proxximmo.com\/#website","url":"https:\/\/www.proxximmo.com\/","name":"Proxximmo","description":"","potentialAction":[{"@type":"SearchAction","target":{"@type":"EntryPoint","urlTemplate":"https:\/\/www.proxximmo.com\/?s={search_term_string}"},"query-input":"required name=search_term_string"}],"inLanguage":"fr-FR"}]}},"_links":{"self":[{"href":"https:\/\/www.proxximmo.com\/fr\/wp-json\/wp\/v2\/pages\/545"}],"collection":[{"href":"https:\/\/www.proxximmo.com\/fr\/wp-json\/wp\/v2\/pages"}],"about":[{"href":"https:\/\/www.proxximmo.com\/fr\/wp-json\/wp\/v2\/types\/page"}],"author":[{"embeddable":true,"href":"https:\/\/www.proxximmo.com\/fr\/wp-json\/wp\/v2\/users\/1"}],"replies":[{"embeddable":true,"href":"https:\/\/www.proxximmo.com\/fr\/wp-json\/wp\/v2\/comments?post=545"}],"version-history":[{"count":2,"href":"https:\/\/www.proxximmo.com\/fr\/wp-json\/wp\/v2\/pages\/545\/revisions"}],"predecessor-version":[{"id":1874,"href":"https:\/\/www.proxximmo.com\/fr\/wp-json\/wp\/v2\/pages\/545\/revisions\/1874"}],"wp:attachment":[{"href":"https:\/\/www.proxximmo.com\/fr\/wp-json\/wp\/v2\/media?parent=545"}],"curies":[{"name":"wp","href":"https:\/\/api.w.org\/{rel}","templated":true}]}}