{"id":673,"date":"2020-07-20T11:26:27","date_gmt":"2020-07-20T11:26:27","guid":{"rendered":"https:\/\/www.proxximmo.com\/?page_id=673"},"modified":"2023-05-24T13:54:50","modified_gmt":"2023-05-24T13:54:50","slug":"mimpressum","status":"publish","type":"page","link":"https:\/\/www.proxximmo.com\/fr\/mimpressum\/","title":{"rendered":"Mentions l\u00e9gales"},"content":{"rendered":"\n<h2 class=\"wp-block-heading\">Propri\u00e9taire &amp; \u00e9diteur responsable<\/h2>\n\n\n\n<p>PROXXIMMO<br>S.T. Properties SARL<\/p>\n\n\n\n<p>Arthur Spoden<br>35, Gruuss Stross<br>L-9991 Weiswampach<\/p>\n\n\n\n<p><a href=\"mailto:info@proxximmo.com\">info@proxximmo.com<\/a><\/p>\n\n\n\n<p>+352 621 344 877<br>+32 497 444 751<br>+352 26 90 87 35<\/p>\n\n\n\n<p><strong>TVA. Luxemburg<\/strong>: LU 27 06 60 11<br><strong>TVA. Belgien<\/strong>: BE 0649 620 678<br><strong>TVA. Deutschland<\/strong>: DE 040 194 210 88<\/p>\n\n\n\n<h2 class=\"wp-block-heading\"><strong>Licences :<\/strong><\/h2>\n\n\n\n<p><strong>Luxembourg<\/strong>: 10050097\/3-4-5<br><strong>Belgique<\/strong>: IPI 50 97 98<\/p>\n\n\n\n<h2 class=\"wp-block-heading\"><strong>Responsabilit\u00e9 civile professionnelle<\/strong> <strong>:<\/strong><\/h2>\n\n\n\n<p>FOYER Luxembourg SA, Vertrag Nr. 10 150 240<br>AXA Belgium SA, Vertrag Nr. 730 390 160<\/p>\n\n\n\n<h2 class=\"wp-block-heading\"><strong>Autorit\u00e9 de surveillance<\/strong> <strong>:<\/strong><\/h2>\n\n\n\n<p>Institut professionnel des agents&nbsp; immobiliers, rue de Luxembourg 16B, B-1000 Bruxelles<\/p>\n\n\n\n<h2 class=\"wp-block-heading\"><strong>Titre professionnel<\/strong> <strong>:<\/strong><\/h2>\n\n\n\n<p>Agent immobilier interm\u00e9diaire, IPI 50 97 98<\/p>\n\n\n\n<p><a href=\"https:\/\/www.proxximmo.com\/wp-content\/uploads\/2020\/07\/code_deontologie_2019.pdf\" target=\"_blank\" rel=\"noreferrer noopener\">Code de d\u00e9ontologie<\/a><\/p>\n\n\n\n<p><\/p>\n\n\n<center>\r\n    <a href=\"https:\/\/www.proxximmo.com\/wp-content\/uploads\/2020\/07\/code_deontologie_2019.pdf\" class=\"btn btn-primary my-5\">\r\n        Code de d\u00e9ontologie        <i class=\"material-icons-two-tone\">keyboard_arrow_right<\/i>\r\n    <\/a>\r\n<\/center>\r\n\r\n\r\n<style>\r\n    \r\n<\/style>","protected":false},"excerpt":{"rendered":"<p>Propri\u00e9taire &amp; \u00e9diteur responsable PROXXIMMOS.T. Properties SARL Arthur Spoden35, Gruuss StrossL-9991 Weiswampach info@proxximmo.com +352 621 344 877+32 497 444 751+352 26 90 87 35 TVA. Luxemburg: LU 27 06 60 11TVA. Belgien: BE 0649 620 678TVA. Deutschland: DE 040 194 210 88 Licences : Luxembourg: 10050097\/3-4-5Belgique: IPI 50 97 98 Responsabilit\u00e9 civile professionnelle : FOYER [&hellip;]<\/p>\n","protected":false},"author":1,"featured_media":0,"parent":0,"menu_order":0,"comment_status":"closed","ping_status":"closed","template":"","meta":{"_monsterinsights_skip_tracking":false,"_monsterinsights_sitenote_active":false,"_monsterinsights_sitenote_note":"","_monsterinsights_sitenote_category":0,"footnotes":""},"acf":[],"yoast_head":"<!-- This site is optimized with the Yoast SEO plugin v21.3 - https:\/\/yoast.com\/wordpress\/plugins\/seo\/ -->\n<title>Mentions l\u00e9gales - Proxximmo<\/title>\n<link rel=\"canonical\" href=\"https:\/\/www.proxximmo.com\/fr\/mimpressum\/\" \/>\n<meta property=\"og:locale\" content=\"fr_FR\" \/>\n<meta property=\"og:type\" content=\"article\" \/>\n<meta property=\"og:title\" content=\"Mentions l\u00e9gales - Proxximmo\" \/>\n<meta property=\"og:description\" content=\"Propri\u00e9taire &amp; \u00e9diteur responsable PROXXIMMOS.T. Properties SARL Arthur Spoden35, Gruuss StrossL-9991 Weiswampach info@proxximmo.com +352 621 344 877+32 497 444 751+352 26 90 87 35 TVA. Luxemburg: LU 27 06 60 11TVA. Belgien: BE 0649 620 678TVA. Deutschland: DE 040 194 210 88 Licences : Luxembourg: 10050097\/3-4-5Belgique: IPI 50 97 98 Responsabilit\u00e9 civile professionnelle : FOYER [&hellip;]\" \/>\n<meta property=\"og:url\" content=\"https:\/\/www.proxximmo.com\/fr\/mimpressum\/\" \/>\n<meta property=\"og:site_name\" content=\"Proxximmo\" \/>\n<meta property=\"article:modified_time\" content=\"2023-05-24T13:54:50+00:00\" \/>\n<meta name=\"twitter:card\" content=\"summary_large_image\" \/>\n<meta name=\"twitter:label1\" content=\"Dur\u00e9e de lecture estim\u00e9e\" \/>\n\t<meta name=\"twitter:data1\" content=\"1 minute\" \/>\n<script type=\"application\/ld+json\" class=\"yoast-schema-graph\">{\"@context\":\"https:\/\/schema.org\",\"@graph\":[{\"@type\":\"WebPage\",\"@id\":\"https:\/\/www.proxximmo.com\/fr\/mimpressum\/\",\"url\":\"https:\/\/www.proxximmo.com\/fr\/mimpressum\/\",\"name\":\"Mentions l\u00e9gales - Proxximmo\",\"isPartOf\":{\"@id\":\"https:\/\/www.proxximmo.com\/#website\"},\"datePublished\":\"2020-07-20T11:26:27+00:00\",\"dateModified\":\"2023-05-24T13:54:50+00:00\",\"breadcrumb\":{\"@id\":\"https:\/\/www.proxximmo.com\/fr\/mimpressum\/#breadcrumb\"},\"inLanguage\":\"fr-FR\",\"potentialAction\":[{\"@type\":\"ReadAction\",\"target\":[\"https:\/\/www.proxximmo.com\/fr\/mimpressum\/\"]}]},{\"@type\":\"BreadcrumbList\",\"@id\":\"https:\/\/www.proxximmo.com\/fr\/mimpressum\/#breadcrumb\",\"itemListElement\":[{\"@type\":\"ListItem\",\"position\":1,\"name\":\"Accueil\",\"item\":\"https:\/\/www.proxximmo.com\/fr\/\"},{\"@type\":\"ListItem\",\"position\":2,\"name\":\"Mentions l\u00e9gales\"}]},{\"@type\":\"WebSite\",\"@id\":\"https:\/\/www.proxximmo.com\/#website\",\"url\":\"https:\/\/www.proxximmo.com\/\",\"name\":\"Proxximmo\",\"description\":\"\",\"potentialAction\":[{\"@type\":\"SearchAction\",\"target\":{\"@type\":\"EntryPoint\",\"urlTemplate\":\"https:\/\/www.proxximmo.com\/?s={search_term_string}\"},\"query-input\":\"required name=search_term_string\"}],\"inLanguage\":\"fr-FR\"}]}<\/script>\n<!-- \/ Yoast SEO plugin. -->","yoast_head_json":{"title":"Mentions l\u00e9gales - Proxximmo","canonical":"https:\/\/www.proxximmo.com\/fr\/mimpressum\/","og_locale":"fr_FR","og_type":"article","og_title":"Mentions l\u00e9gales - Proxximmo","og_description":"Propri\u00e9taire &amp; \u00e9diteur responsable PROXXIMMOS.T. Properties SARL Arthur Spoden35, Gruuss StrossL-9991 Weiswampach info@proxximmo.com +352 621 344 877+32 497 444 751+352 26 90 87 35 TVA. Luxemburg: LU 27 06 60 11TVA. Belgien: BE 0649 620 678TVA. Deutschland: DE 040 194 210 88 Licences : Luxembourg: 10050097\/3-4-5Belgique: IPI 50 97 98 Responsabilit\u00e9 civile professionnelle : FOYER [&hellip;]","og_url":"https:\/\/www.proxximmo.com\/fr\/mimpressum\/","og_site_name":"Proxximmo","article_modified_time":"2023-05-24T13:54:50+00:00","twitter_card":"summary_large_image","twitter_misc":{"Dur\u00e9e de lecture estim\u00e9e":"1 minute"},"schema":{"@context":"https:\/\/schema.org","@graph":[{"@type":"WebPage","@id":"https:\/\/www.proxximmo.com\/fr\/mimpressum\/","url":"https:\/\/www.proxximmo.com\/fr\/mimpressum\/","name":"Mentions l\u00e9gales - Proxximmo","isPartOf":{"@id":"https:\/\/www.proxximmo.com\/#website"},"datePublished":"2020-07-20T11:26:27+00:00","dateModified":"2023-05-24T13:54:50+00:00","breadcrumb":{"@id":"https:\/\/www.proxximmo.com\/fr\/mimpressum\/#breadcrumb"},"inLanguage":"fr-FR","potentialAction":[{"@type":"ReadAction","target":["https:\/\/www.proxximmo.com\/fr\/mimpressum\/"]}]},{"@type":"BreadcrumbList","@id":"https:\/\/www.proxximmo.com\/fr\/mimpressum\/#breadcrumb","itemListElement":[{"@type":"ListItem","position":1,"name":"Accueil","item":"https:\/\/www.proxximmo.com\/fr\/"},{"@type":"ListItem","position":2,"name":"Mentions l\u00e9gales"}]},{"@type":"WebSite","@id":"https:\/\/www.proxximmo.com\/#website","url":"https:\/\/www.proxximmo.com\/","name":"Proxximmo","description":"","potentialAction":[{"@type":"SearchAction","target":{"@type":"EntryPoint","urlTemplate":"https:\/\/www.proxximmo.com\/?s={search_term_string}"},"query-input":"required name=search_term_string"}],"inLanguage":"fr-FR"}]}},"_links":{"self":[{"href":"https:\/\/www.proxximmo.com\/fr\/wp-json\/wp\/v2\/pages\/673"}],"collection":[{"href":"https:\/\/www.proxximmo.com\/fr\/wp-json\/wp\/v2\/pages"}],"about":[{"href":"https:\/\/www.proxximmo.com\/fr\/wp-json\/wp\/v2\/types\/page"}],"author":[{"embeddable":true,"href":"https:\/\/www.proxximmo.com\/fr\/wp-json\/wp\/v2\/users\/1"}],"replies":[{"embeddable":true,"href":"https:\/\/www.proxximmo.com\/fr\/wp-json\/wp\/v2\/comments?post=673"}],"version-history":[{"count":13,"href":"https:\/\/www.proxximmo.com\/fr\/wp-json\/wp\/v2\/pages\/673\/revisions"}],"predecessor-version":[{"id":2278,"href":"https:\/\/www.proxximmo.com\/fr\/wp-json\/wp\/v2\/pages\/673\/revisions\/2278"}],"wp:attachment":[{"href":"https:\/\/www.proxximmo.com\/fr\/wp-json\/wp\/v2\/media?parent=673"}],"curies":[{"name":"wp","href":"https:\/\/api.w.org\/{rel}","templated":true}]}}